{"id":1788,"date":"2026-04-09T08:10:06","date_gmt":"2026-04-09T08:10:06","guid":{"rendered":"https:\/\/glossyribbons.com\/product\/toast-scented-peptide-lip-tint\/"},"modified":"2026-04-09T08:10:08","modified_gmt":"2026-04-09T08:10:08","slug":"toast-scented-peptide-lip-tint","status":"publish","type":"product","link":"https:\/\/glossyribbons.ae\/ar\/product\/toast-scented-peptide-lip-tint\/","title":{"rendered":"Toast scented peptide lip tint"},"content":{"rendered":"<p><span>Meet the Scented Peptide Lip Tint in Toast. A sweet twist on the classic rose taupe shade that smells like a toasty cr\u00e8me br\u00fbl\u00e9e.<\/span><span><span class=\"Apple-converted-space\">&nbsp;<\/span><\/span><\/p>","protected":false},"excerpt":{"rendered":"<p>Meet the Scented Peptide Lip Tint in Toast. A sweet twist on the classic rose taupe shade that smells like<\/p>","protected":false},"featured_media":1787,"comment_status":"open","ping_status":"closed","template":"","meta":[],"product_brand":[],"product_cat":[27],"product_tag":[],"class_list":{"0":"post-1788","1":"product","2":"type-product","3":"status-publish","4":"has-post-thumbnail","6":"product_cat-rhode","8":"first","9":"instock","10":"shipping-taxable","11":"purchasable","12":"product-type-simple"},"_links":{"self":[{"href":"https:\/\/glossyribbons.ae\/ar\/wp-json\/wp\/v2\/product\/1788","targetHints":{"allow":["GET"]}}],"collection":[{"href":"https:\/\/glossyribbons.ae\/ar\/wp-json\/wp\/v2\/product"}],"about":[{"href":"https:\/\/glossyribbons.ae\/ar\/wp-json\/wp\/v2\/types\/product"}],"replies":[{"embeddable":true,"href":"https:\/\/glossyribbons.ae\/ar\/wp-json\/wp\/v2\/comments?post=1788"}],"version-history":[{"count":0,"href":"https:\/\/glossyribbons.ae\/ar\/wp-json\/wp\/v2\/product\/1788\/revisions"}],"wp:featuredmedia":[{"embeddable":true,"href":"https:\/\/glossyribbons.ae\/ar\/wp-json\/wp\/v2\/media\/1787"}],"wp:attachment":[{"href":"https:\/\/glossyribbons.ae\/ar\/wp-json\/wp\/v2\/media?parent=1788"}],"wp:term":[{"taxonomy":"product_brand","embeddable":true,"href":"https:\/\/glossyribbons.ae\/ar\/wp-json\/wp\/v2\/product_brand?post=1788"},{"taxonomy":"product_cat","embeddable":true,"href":"https:\/\/glossyribbons.ae\/ar\/wp-json\/wp\/v2\/product_cat?post=1788"},{"taxonomy":"product_tag","embeddable":true,"href":"https:\/\/glossyribbons.ae\/ar\/wp-json\/wp\/v2\/product_tag?post=1788"}],"curies":[{"name":"wp","href":"https:\/\/api.w.org\/{rel}","templated":true}]}}